{"id":3529,"date":"2023-05-09T09:37:43","date_gmt":"2023-05-09T09:37:43","guid":{"rendered":"https:\/\/davidvillacorta.com\/politica-de-cookies\/"},"modified":"2023-07-13T10:21:00","modified_gmt":"2023-07-13T10:21:00","slug":"politica-de-cookies","status":"publish","type":"page","link":"https:\/\/davidvillacorta.com\/ca\/politica-de-cookies\/","title":{"rendered":"Pol\u00edtica de cookies"},"content":{"rendered":"<h1 style=\"text-align: center;\">Pol\u00edtica de Cookies<\/h1>\n<p><strong>IDENTIFICACI\u00d3 I POL\u00cdTICA DE COOKIES<\/strong><\/p>\n<p>Aquesta p\u00e0gina web \u00a0(d&#8217;ara endavant, la \u201cWeb\u201d) \u00e9s propietat de David\u00a0Villacorta\u00a0Cant\u00ed, amb la societat David\u00a0Villacorta\u00a0Cant\u00ed\u00a0societat constitu\u00efda i existent conformement a la legislaci\u00f3 espanyola, amb domicili social en\u00a0Carrer\u00a0Joan\u00a0G\u00fcell, 91, 5.2, 08028 Barcelona i inscrita com a agent comercial col\u00b7legiat n\u00famero 53636 pel Col\u00b7legi\u00a0Oficial d\u2019Agents\u00a0Comercial de Barcelona (COACB). i prove\u00efda de NIF n\u00famero 46568824B.<\/p>\n<p>En la nostra web utilitzem cookies pr\u00f2pies que ens permeten millorar l&#8217;experi\u00e8ncia d&#8217;usuari i oferir continguts adaptats als teus interessos gr\u00e0cies a la personalitzaci\u00f3 del contingut. A m\u00e9s, emprem cookies de terceres parts que personalitzen la publicitat de les p\u00e0gines que visites amb contingut d&#8217;inter\u00e8s per als nostres usuaris.<\/p>\n<p>En cas que continu\u00efs navegant amb el navegador configurat per a acceptar cookies entendrem que acceptes la instal\u00b7laci\u00f3 de cookies tal com es detalla en la Pol\u00edtica de Cookies.<\/p>\n<p><strong>INFORMACI\u00d3 B\u00c0SICA DE COOKIES<\/strong><\/p>\n<p>Qu\u00e8 s\u00f3n les cookies?<\/p>\n<p>Les cookies s\u00f3n petites peces d&#8217;informaci\u00f3 que s&#8217;emmagatzemen en el navegador del seu ordinador, tauleta o tel\u00e8fon m\u00f2bil quan visita el nostre lloc web, i que faciliten i personalitzen la navegaci\u00f3 en visitar les mateixes p\u00e0gines.<\/p>\n<p>Qu\u00e8 fan les cookies?<\/p>\n<p>Les cookies no identifiquen personalment i no suposen cap risc per al seu ordinador o dispositiu m\u00f2bil. No s\u00f3n virus ni programari espia. Simplement s\u00f3n eines utilitzades pels llocs web que visites per a millorar la seva navegaci\u00f3, perqu\u00e8 les seves dades viatgin per la xarxa segures, per a ajudar-nos a entendre quina informaci\u00f3 de la nostra web \u00e9s m\u00e9s \u00fatil per als nostres usuaris o per a saber quines ofertes poden ser de l&#8217;inter\u00e8s de cada usuari. I tot aix\u00f2 d&#8217;una manera totalment an\u00f2nima: mai sabrem el seu nom, adre\u00e7a o tel\u00e8fon tret que tu ens els faciliti. Vost\u00e8 decideix si permet o no les cookies, per\u00f2 si decideix no permetre-les, ha de bloquejar-les en el seu navegador.<\/p>\n<p>A m\u00e9s, ha de tenir en compte que, si decideix no permetre l&#8217;\u00fas de cookies de la Web pot ser que algunes caracter\u00edstiques de la Web no funcionin correctament i, a m\u00e9s, no podrem adaptar la informaci\u00f3 que li oferim als seus interessos.<\/p>\n<p>Durant quant temps estan actives les cookies?<\/p>\n<p>B\u00e0sicament, hi ha dos tipus de cookies:<\/p>\n<p>Les de sessi\u00f3, que expiren quan abandona la p\u00e0gina o tanca el navegador, \u00e9s a dir, estan actives mentre dura la seva visita al nostre lloc web. S&#8217;esborren quan apaga el dispositiu.<br \/>\nLes permanents, que expiren quan es compleix l&#8217;objectiu per al qual serveixen o quan s&#8217;esborren manualment, totes tenen una data d&#8217;esborrat autom\u00e0tica i s&#8217;utilitzen normalment en processos de compra en l\u00ednia, personalitzacions o en el registre, per a no haver d&#8217;introduir la contrasenya constantment.<\/p>\n<p>Per a qu\u00e8 emprem cookies en www.davidvillacorta.com?<\/p>\n<p>Utilitzem les cookies per a diferents finalitats que s\u00f3n b\u00e0sicament aquestes:<\/p>\n<p>T\u00e8cniques: s\u00f3n necess\u00e0ries perqu\u00e8 pugui navegar per la Web correctament i que pugui accedir a totes les seccions sense problemes.<br \/>\nD&#8217;an\u00e0lisi: ens permeten entendre com navega per la nostra web, veure qu\u00e8 funciona i qu\u00e8 no, millorar la p\u00e0gina web, calcular quanta gent la visita, amb la finalitat de millorar els serveis que li podem oferir. Aquesta informaci\u00f3 \u00e9s an\u00f2nima, i nom\u00e9s la necessitem per a fins estad\u00edstics.<br \/>\nComplements de mitjans socials: faciliten el seu acc\u00e9s als nostres canals en xarxes socials perqu\u00e8 puguin mantenir-lo al dia amb consells i novetats, aix\u00ed com \u2013 participar de la nostra comunitat en l\u00ednia.<br \/>\nPublicitat: a vegades analitzem les seves prefer\u00e8ncies en la web per a poder mostrar-li publicitat relacionada amb els seus gustos. Aix\u00ed no li fem perdre el temps amb ofertes que realment no li s\u00f3n \u00fatils.<\/p>\n<p><strong>COM CONFIGURAR\/DESACTIVAR LES COOKIES<\/strong><\/p>\n<p>Vol desactivar les cookies del seu navegador?<\/p>\n<p>En general, els navegadors permeten les cookies per defecte. Quan navegues per la Web est\u00e0s acceptant l&#8217;\u00fas de les cookies. No obstant aix\u00f2, tu decideixes si vols navegar amb o sense cookies, ja que poden modificar les teves prefer\u00e8ncies en qualsevol moment.<\/p>\n","protected":false},"excerpt":{"rendered":"<p>Pol\u00edtica de Cookies IDENTIFICACI\u00d3 I POL\u00cdTICA DE COOKIES Aquesta p\u00e0gina web \u00a0(d&#8217;ara endavant, la \u201cWeb\u201d) \u00e9s propietat de David\u00a0Villacorta\u00a0Cant\u00ed, amb la societat David\u00a0Villacorta\u00a0Cant\u00ed\u00a0societat constitu\u00efda i existent conformement a la legislaci\u00f3 espanyola, amb domicili social en\u00a0Carrer\u00a0Joan\u00a0G\u00fcell, 91, 5.2, 08028 Barcelona i inscrita com a agent comercial col\u00b7legiat n\u00famero 53636 pel Col\u00b7legi\u00a0Oficial d\u2019Agents\u00a0Comercial de Barcelona (COACB). i [&hellip;]<\/p>\n","protected":false},"author":1,"featured_media":0,"parent":0,"menu_order":0,"comment_status":"closed","ping_status":"closed","template":"","meta":{"footnotes":""},"class_list":["post-3529","page","type-page","status-publish","hentry"],"yoast_head":"<!-- This site is optimized with the Yoast SEO plugin v27.6 - https:\/\/yoast.com\/product\/yoast-seo-wordpress\/ -->\n<title>Pol\u00edtica de cookies - David Villacorta<\/title>\n<meta name=\"robots\" content=\"index, follow, max-snippet:-1, max-image-preview:large, max-video-preview:-1\" \/>\n<link rel=\"canonical\" href=\"https:\/\/davidvillacorta.com\/ca\/politica-de-cookies\/\" \/>\n<meta property=\"og:locale\" content=\"ca_ES\" \/>\n<meta property=\"og:type\" content=\"article\" \/>\n<meta property=\"og:title\" content=\"Pol\u00edtica de cookies - David Villacorta\" \/>\n<meta property=\"og:description\" content=\"Pol\u00edtica de Cookies IDENTIFICACI\u00d3 I POL\u00cdTICA DE COOKIES Aquesta p\u00e0gina web \u00a0(d&#8217;ara endavant, la \u201cWeb\u201d) \u00e9s propietat de David\u00a0Villacorta\u00a0Cant\u00ed, amb la societat David\u00a0Villacorta\u00a0Cant\u00ed\u00a0societat constitu\u00efda i existent conformement a la legislaci\u00f3 espanyola, amb domicili social en\u00a0Carrer\u00a0Joan\u00a0G\u00fcell, 91, 5.2, 08028 Barcelona i inscrita com a agent comercial col\u00b7legiat n\u00famero 53636 pel Col\u00b7legi\u00a0Oficial d\u2019Agents\u00a0Comercial de Barcelona (COACB). i [&hellip;]\" \/>\n<meta property=\"og:url\" content=\"https:\/\/davidvillacorta.com\/ca\/politica-de-cookies\/\" \/>\n<meta property=\"og:site_name\" content=\"David Villacorta\" \/>\n<meta property=\"article:modified_time\" content=\"2023-07-13T10:21:00+00:00\" \/>\n<meta name=\"twitter:card\" content=\"summary_large_image\" \/>\n<meta name=\"twitter:label1\" content=\"Temps estimat de lectura\" \/>\n\t<meta name=\"twitter:data1\" content=\"3 minuts\" \/>\n<script type=\"application\/ld+json\" class=\"yoast-schema-graph\">{\"@context\":\"https:\\\/\\\/schema.org\",\"@graph\":[{\"@type\":\"WebPage\",\"@id\":\"https:\\\/\\\/davidvillacorta.com\\\/ca\\\/politica-de-cookies\\\/\",\"url\":\"https:\\\/\\\/davidvillacorta.com\\\/ca\\\/politica-de-cookies\\\/\",\"name\":\"Pol\u00edtica de cookies - David Villacorta\",\"isPartOf\":{\"@id\":\"https:\\\/\\\/davidvillacorta.com\\\/ca\\\/#website\"},\"datePublished\":\"2023-05-09T09:37:43+00:00\",\"dateModified\":\"2023-07-13T10:21:00+00:00\",\"breadcrumb\":{\"@id\":\"https:\\\/\\\/davidvillacorta.com\\\/ca\\\/politica-de-cookies\\\/#breadcrumb\"},\"inLanguage\":\"ca\",\"potentialAction\":[{\"@type\":\"ReadAction\",\"target\":[\"https:\\\/\\\/davidvillacorta.com\\\/ca\\\/politica-de-cookies\\\/\"]}]},{\"@type\":\"BreadcrumbList\",\"@id\":\"https:\\\/\\\/davidvillacorta.com\\\/ca\\\/politica-de-cookies\\\/#breadcrumb\",\"itemListElement\":[{\"@type\":\"ListItem\",\"position\":1,\"name\":\"Home\",\"item\":\"https:\\\/\\\/davidvillacorta.com\\\/ca\\\/inicio\\\/\"},{\"@type\":\"ListItem\",\"position\":2,\"name\":\"Pol\u00edtica de cookies\"}]},{\"@type\":\"WebSite\",\"@id\":\"https:\\\/\\\/davidvillacorta.com\\\/ca\\\/#website\",\"url\":\"https:\\\/\\\/davidvillacorta.com\\\/ca\\\/\",\"name\":\"David Villacorta\",\"description\":\"Asesor estrat\u00e9gico multisectorial\",\"potentialAction\":[{\"@type\":\"SearchAction\",\"target\":{\"@type\":\"EntryPoint\",\"urlTemplate\":\"https:\\\/\\\/davidvillacorta.com\\\/ca\\\/?s={search_term_string}\"},\"query-input\":{\"@type\":\"PropertyValueSpecification\",\"valueRequired\":true,\"valueName\":\"search_term_string\"}}],\"inLanguage\":\"ca\"}]}<\/script>\n<!-- \/ Yoast SEO plugin. -->","yoast_head_json":{"title":"Pol\u00edtica de cookies - David Villacorta","robots":{"index":"index","follow":"follow","max-snippet":"max-snippet:-1","max-image-preview":"max-image-preview:large","max-video-preview":"max-video-preview:-1"},"canonical":"https:\/\/davidvillacorta.com\/ca\/politica-de-cookies\/","og_locale":"ca_ES","og_type":"article","og_title":"Pol\u00edtica de cookies - David Villacorta","og_description":"Pol\u00edtica de Cookies IDENTIFICACI\u00d3 I POL\u00cdTICA DE COOKIES Aquesta p\u00e0gina web \u00a0(d&#8217;ara endavant, la \u201cWeb\u201d) \u00e9s propietat de David\u00a0Villacorta\u00a0Cant\u00ed, amb la societat David\u00a0Villacorta\u00a0Cant\u00ed\u00a0societat constitu\u00efda i existent conformement a la legislaci\u00f3 espanyola, amb domicili social en\u00a0Carrer\u00a0Joan\u00a0G\u00fcell, 91, 5.2, 08028 Barcelona i inscrita com a agent comercial col\u00b7legiat n\u00famero 53636 pel Col\u00b7legi\u00a0Oficial d\u2019Agents\u00a0Comercial de Barcelona (COACB). i [&hellip;]","og_url":"https:\/\/davidvillacorta.com\/ca\/politica-de-cookies\/","og_site_name":"David Villacorta","article_modified_time":"2023-07-13T10:21:00+00:00","twitter_card":"summary_large_image","twitter_misc":{"Temps estimat de lectura":"3 minuts"},"schema":{"@context":"https:\/\/schema.org","@graph":[{"@type":"WebPage","@id":"https:\/\/davidvillacorta.com\/ca\/politica-de-cookies\/","url":"https:\/\/davidvillacorta.com\/ca\/politica-de-cookies\/","name":"Pol\u00edtica de cookies - David Villacorta","isPartOf":{"@id":"https:\/\/davidvillacorta.com\/ca\/#website"},"datePublished":"2023-05-09T09:37:43+00:00","dateModified":"2023-07-13T10:21:00+00:00","breadcrumb":{"@id":"https:\/\/davidvillacorta.com\/ca\/politica-de-cookies\/#breadcrumb"},"inLanguage":"ca","potentialAction":[{"@type":"ReadAction","target":["https:\/\/davidvillacorta.com\/ca\/politica-de-cookies\/"]}]},{"@type":"BreadcrumbList","@id":"https:\/\/davidvillacorta.com\/ca\/politica-de-cookies\/#breadcrumb","itemListElement":[{"@type":"ListItem","position":1,"name":"Home","item":"https:\/\/davidvillacorta.com\/ca\/inicio\/"},{"@type":"ListItem","position":2,"name":"Pol\u00edtica de cookies"}]},{"@type":"WebSite","@id":"https:\/\/davidvillacorta.com\/ca\/#website","url":"https:\/\/davidvillacorta.com\/ca\/","name":"David Villacorta","description":"Asesor estrat\u00e9gico multisectorial","potentialAction":[{"@type":"SearchAction","target":{"@type":"EntryPoint","urlTemplate":"https:\/\/davidvillacorta.com\/ca\/?s={search_term_string}"},"query-input":{"@type":"PropertyValueSpecification","valueRequired":true,"valueName":"search_term_string"}}],"inLanguage":"ca"}]}},"_links":{"self":[{"href":"https:\/\/davidvillacorta.com\/ca\/wp-json\/wp\/v2\/pages\/3529","targetHints":{"allow":["GET"]}}],"collection":[{"href":"https:\/\/davidvillacorta.com\/ca\/wp-json\/wp\/v2\/pages"}],"about":[{"href":"https:\/\/davidvillacorta.com\/ca\/wp-json\/wp\/v2\/types\/page"}],"author":[{"embeddable":true,"href":"https:\/\/davidvillacorta.com\/ca\/wp-json\/wp\/v2\/users\/1"}],"replies":[{"embeddable":true,"href":"https:\/\/davidvillacorta.com\/ca\/wp-json\/wp\/v2\/comments?post=3529"}],"version-history":[{"count":1,"href":"https:\/\/davidvillacorta.com\/ca\/wp-json\/wp\/v2\/pages\/3529\/revisions"}],"predecessor-version":[{"id":3567,"href":"https:\/\/davidvillacorta.com\/ca\/wp-json\/wp\/v2\/pages\/3529\/revisions\/3567"}],"wp:attachment":[{"href":"https:\/\/davidvillacorta.com\/ca\/wp-json\/wp\/v2\/media?parent=3529"}],"curies":[{"name":"wp","href":"https:\/\/api.w.org\/{rel}","templated":true}]}}